{"id":3,"date":"2023-09-11T15:32:56","date_gmt":"2023-09-11T13:32:56","guid":{"rendered":"http:\/\/ib-baier.com\/?page_id=3"},"modified":"2023-09-11T18:37:18","modified_gmt":"2023-09-11T16:37:18","slug":"datenschutzerklaerung","status":"publish","type":"page","link":"https:\/\/ib-baier.com\/?page_id=3","title":{"rendered":"Datenschutzerkl\u00e4rung"},"content":{"rendered":"\n<p><\/p>\n\n\n\n<p><\/p>\n\n\n\n<p><strong>Verantwortlicher f\u00fcr die Datenverarbeitung ist<\/strong><\/p>\n\n\n\n<p>Dipl.-Ing. Bernhard Baier<\/p>\n\n\n\n<p>K\u00f6penicker Str. 325 Haus 116<\/p>\n\n\n\n<p>12555 Berlin<\/p>\n\n\n\n<p><\/p>\n\n\n\n<p><strong>1. Zugriffsdaten und Hosting<\/strong> <\/p>\n\n\n\n<p>Sie k\u00f6nnen unsere Webseiten besuchen, ohne Angaben zu Ihrer Person zu machen. Bei jedem Aufruf einer Webseite speichert der Webserver lediglich automatisch ein sogenanntes Server-Logfile, das z.B. den Namen der angeforderten Datei, Ihre IP-Adresse, Datum und Uhrzeit des Abrufs, \u00fcbertragene Datenmenge und den anfragenden Provider (Zugriffsdaten) enth\u00e4lt und den Abruf dokumentiert.<\/p>\n","protected":false},"excerpt":{"rendered":"<p>Verantwortlicher f\u00fcr die Datenverarbeitung ist Dipl.-Ing. Bernhard Baier K\u00f6penicker Str. 325 Haus 116 12555 Berlin 1. Zugriffsdaten und Hosting Sie k\u00f6nnen unsere Webseiten besuchen, ohne Angaben zu Ihrer Person zu machen. Bei jedem Aufruf einer Webseite speichert der Webserver lediglich automatisch ein sogenanntes Server-Logfile, das z.B. den Namen der angeforderten Datei, Ihre IP-Adresse, Datum und [&hellip;]<\/p>\n","protected":false},"author":1,"featured_media":0,"parent":0,"menu_order":0,"comment_status":"closed","ping_status":"open","template":"","meta":{"footnotes":""},"class_list":["post-3","page","type-page","status-publish","hentry"],"_links":{"self":[{"href":"https:\/\/ib-baier.com\/index.php?rest_route=\/wp\/v2\/pages\/3","targetHints":{"allow":["GET"]}}],"collection":[{"href":"https:\/\/ib-baier.com\/index.php?rest_route=\/wp\/v2\/pages"}],"about":[{"href":"https:\/\/ib-baier.com\/index.php?rest_route=\/wp\/v2\/types\/page"}],"author":[{"embeddable":true,"href":"https:\/\/ib-baier.com\/index.php?rest_route=\/wp\/v2\/users\/1"}],"replies":[{"embeddable":true,"href":"https:\/\/ib-baier.com\/index.php?rest_route=%2Fwp%2Fv2%2Fcomments&post=3"}],"version-history":[{"count":1,"href":"https:\/\/ib-baier.com\/index.php?rest_route=\/wp\/v2\/pages\/3\/revisions"}],"predecessor-version":[{"id":12,"href":"https:\/\/ib-baier.com\/index.php?rest_route=\/wp\/v2\/pages\/3\/revisions\/12"}],"wp:attachment":[{"href":"https:\/\/ib-baier.com\/index.php?rest_route=%2Fwp%2Fv2%2Fmedia&parent=3"}],"curies":[{"name":"wp","href":"https:\/\/api.w.org\/{rel}","templated":true}]}}